{"id":26,"date":"2016-02-12T08:13:33","date_gmt":"2016-02-12T08:13:33","guid":{"rendered":"http:\/\/demos.famethemes.com\/onepress\/?page_id=26"},"modified":"2023-03-07T08:52:43","modified_gmt":"2023-03-07T07:52:43","slug":"anglais","status":"publish","type":"page","link":"https:\/\/ecole.saintjosephbelfort.fr\/index.php\/anglais\/","title":{"rendered":"Anglais"},"content":{"rendered":"\n<h3 class=\"wp-block-heading\">Language Connexion<\/h3>\n\n\n<p>En maternelle, les enfants s\u2019initient ou poursuivent leur apprentissage de l\u2019anglais gr\u00e2ce \u00e0 la m\u00e9thode Cookie Friends d\u2019Oxford.<\/p>\n<p>\u00c0 partir du CP, les cours d\u2019anglais s\u2019 appuient sur les livres Kid\u2019s Box de Cambridge.<\/p>\n<p>Deux m\u00e9thodes ludiques, ax\u00e9es sur l\u2019oral&#8230; (<a href=\"https:\/\/ecole.saintjosephbelfort.fr\/wp-content\/uploads\/2023\/03\/Fiche_presentation_More_English_BELFORT-1-2.pdf\"><em>lire la suite<\/em><\/a>)<\/p>\n\n\n<figure class=\"wp-block-image size-large is-resized\"><a href=\"https:\/\/ecole.saintjosephbelfort.fr\/wp-content\/uploads\/2023\/03\/Fiche_presentation_More_English_BELFORT-1-2.pdf\"><img loading=\"lazy\" decoding=\"async\" src=\"https:\/\/ecole.saintjosephbelfort.fr\/wp-content\/uploads\/2023\/03\/Fiche_presentation_More_English_BELFORT-1-2-pdf-768x1024.jpg\" alt=\"\" class=\"wp-image-1656\" width=\"192\" height=\"256\" srcset=\"https:\/\/ecole.saintjosephbelfort.fr\/wp-content\/uploads\/2023\/03\/Fiche_presentation_More_English_BELFORT-1-2-pdf-768x1024.jpg 768w, https:\/\/ecole.saintjosephbelfort.fr\/wp-content\/uploads\/2023\/03\/Fiche_presentation_More_English_BELFORT-1-2-pdf-225x300.jpg 225w, https:\/\/ecole.saintjosephbelfort.fr\/wp-content\/uploads\/2023\/03\/Fiche_presentation_More_English_BELFORT-1-2-pdf.jpg 960w\" sizes=\"auto, (max-width: 192px) 100vw, 192px\" \/><\/a><\/figure>\n","protected":false},"excerpt":{"rendered":"<p>L&rsquo;apprentissage de l&rsquo;anglais est dispens\u00e9 par des Intervenants sp\u00e9cialis\u00e9s de Language Connexion.<\/p>\n","protected":false},"author":1,"featured_media":0,"parent":0,"menu_order":0,"comment_status":"closed","ping_status":"closed","template":"template-fullwidth.php","meta":{"footnotes":""},"class_list":["post-26","page","type-page","status-publish","hentry"],"_links":{"self":[{"href":"https:\/\/ecole.saintjosephbelfort.fr\/index.php\/wp-json\/wp\/v2\/pages\/26","targetHints":{"allow":["GET"]}}],"collection":[{"href":"https:\/\/ecole.saintjosephbelfort.fr\/index.php\/wp-json\/wp\/v2\/pages"}],"about":[{"href":"https:\/\/ecole.saintjosephbelfort.fr\/index.php\/wp-json\/wp\/v2\/types\/page"}],"author":[{"embeddable":true,"href":"https:\/\/ecole.saintjosephbelfort.fr\/index.php\/wp-json\/wp\/v2\/users\/1"}],"replies":[{"embeddable":true,"href":"https:\/\/ecole.saintjosephbelfort.fr\/index.php\/wp-json\/wp\/v2\/comments?post=26"}],"version-history":[{"count":4,"href":"https:\/\/ecole.saintjosephbelfort.fr\/index.php\/wp-json\/wp\/v2\/pages\/26\/revisions"}],"predecessor-version":[{"id":1766,"href":"https:\/\/ecole.saintjosephbelfort.fr\/index.php\/wp-json\/wp\/v2\/pages\/26\/revisions\/1766"}],"wp:attachment":[{"href":"https:\/\/ecole.saintjosephbelfort.fr\/index.php\/wp-json\/wp\/v2\/media?parent=26"}],"curies":[{"name":"wp","href":"https:\/\/api.w.org\/{rel}","templated":true}]}}