{"id":17,"date":"2023-03-30T08:29:13","date_gmt":"2023-03-30T06:29:13","guid":{"rendered":"http:\/\/demos.famethemes.com\/onepress\/?page_id=17"},"modified":"2025-01-04T22:30:24","modified_gmt":"2025-01-04T21:30:24","slug":"historique","status":"publish","type":"page","link":"https:\/\/ecole.saintjosephbelfort.fr\/index.php\/historique\/","title":{"rendered":"Historique"},"content":{"rendered":"\n<h3 class=\"wp-block-heading\">L\u2019ouverture de l\u2019\u00e9cole<\/h3>\n\n\n\n<figure class=\"wp-block-image size-full\"><img loading=\"lazy\" decoding=\"async\" width=\"400\" height=\"257\" src=\"https:\/\/ecole.saintjosephbelfort.fr\/wp-content\/uploads\/2023\/02\/bv000002-e1676581581585.jpg\" alt=\"\" class=\"wp-image-1480\" srcset=\"https:\/\/ecole.saintjosephbelfort.fr\/wp-content\/uploads\/2023\/02\/bv000002-e1676581581585.jpg 400w, https:\/\/ecole.saintjosephbelfort.fr\/wp-content\/uploads\/2023\/02\/bv000002-e1676581581585-300x193.jpg 300w\" sizes=\"auto, (max-width: 400px) 100vw, 400px\" \/><\/figure>\n\n\n<p>En f\u00e9vrier 1888, Mr l\u2019Abb\u00e9 Louis HUMBRECHT, cur\u00e9 de la paroisse SAINT-JOSEPH, adresse aux fr\u00e8res des \u00c9coles Chr\u00e9tiennes une premi\u00e8re lettre leur demandant de venir fonder une \u00e9cole de gar\u00e7ons.<br \/>Le projet est ainsi formul\u00e9, un an plus tard :<br \/>L\u2019\u00e9cole est inaugur\u00e9e le 26 octobre 1889 par Monseigneur Ducellier.<\/p>\n\n\n<figure class=\"wp-block-image size-full is-resized\"><img loading=\"lazy\" decoding=\"async\" width=\"490\" height=\"981\" src=\"https:\/\/ecole.saintjosephbelfort.fr\/wp-content\/uploads\/2023\/03\/bv000001-1.jpg\" alt=\"\" class=\"wp-image-1610\" style=\"width:245px;height:491px\" srcset=\"https:\/\/ecole.saintjosephbelfort.fr\/wp-content\/uploads\/2023\/03\/bv000001-1.jpg 490w, https:\/\/ecole.saintjosephbelfort.fr\/wp-content\/uploads\/2023\/03\/bv000001-1-150x300.jpg 150w\" sizes=\"auto, (max-width: 490px) 100vw, 490px\" \/><\/figure>\n\n\n\n<figure class=\"wp-block-image size-large is-resized\"><img loading=\"lazy\" decoding=\"async\" width=\"461\" height=\"1024\" src=\"https:\/\/ecole.saintjosephbelfort.fr\/wp-content\/uploads\/2023\/03\/bv000004-1-461x1024.jpg\" alt=\"\" class=\"wp-image-1615\" style=\"width:231px;height:512px\" srcset=\"https:\/\/ecole.saintjosephbelfort.fr\/wp-content\/uploads\/2023\/03\/bv000004-1-461x1024.jpg 461w, https:\/\/ecole.saintjosephbelfort.fr\/wp-content\/uploads\/2023\/03\/bv000004-1-135x300.jpg 135w, https:\/\/ecole.saintjosephbelfort.fr\/wp-content\/uploads\/2023\/03\/bv000004-1.jpg 465w\" sizes=\"auto, (max-width: 461px) 100vw, 461px\" \/><\/figure>\n\n\n\n<p>Parall\u00e8lement, de l\u2019autre c\u00f4t\u00e9 de la Chapelle Saint-Joseph (qui devient la salle paroissiale \u00ab&nbsp;le Cercle&nbsp;\u00bb, puis la maternelle), est construite une \u00e9cole de fille.<\/p>\n\n\n\n<figure class=\"wp-block-image size-medium\"><img loading=\"lazy\" decoding=\"async\" width=\"300\" height=\"209\" src=\"https:\/\/ecole.saintjosephbelfort.fr\/wp-content\/uploads\/2023\/03\/bv000003-300x209.jpg\" alt=\"\" class=\"wp-image-1622\" srcset=\"https:\/\/ecole.saintjosephbelfort.fr\/wp-content\/uploads\/2023\/03\/bv000003-300x209.jpg 300w, https:\/\/ecole.saintjosephbelfort.fr\/wp-content\/uploads\/2023\/03\/bv000003.jpg 640w\" sizes=\"auto, (max-width: 300px) 100vw, 300px\" \/><\/figure>\n\n\n\n<figure class=\"wp-block-image size-full is-resized\"><img loading=\"lazy\" decoding=\"async\" width=\"169\" height=\"320\" src=\"https:\/\/ecole.saintjosephbelfort.fr\/wp-content\/uploads\/2023\/03\/bv000006.jpg\" alt=\"\" class=\"wp-image-1623\" style=\"width:169px;height:320px\" srcset=\"https:\/\/ecole.saintjosephbelfort.fr\/wp-content\/uploads\/2023\/03\/bv000006.jpg 169w, https:\/\/ecole.saintjosephbelfort.fr\/wp-content\/uploads\/2023\/03\/bv000006-158x300.jpg 158w\" sizes=\"auto, (max-width: 169px) 100vw, 169px\" \/><\/figure>\n\n\n\n<p>En 1904, la loi COMBES interdit l\u2019enseignement dans les \u00e9coles de France aux religieux congr\u00e9ganistes. L\u2019\u00e9cole est ferm\u00e9e le 1er octobre 1904.En 1905, l\u2019\u00e9cole de filles doit quitter ses locaux et s\u2019installe dans la maison h\u00e2tivement construite par le P\u00e8re HUMBRECHT (Sainte Famille).Les fr\u00e8res se s\u00e9cularisent et l\u2019\u00e9cole est r\u00e9-ouverte jusqu\u2019\u00e0 la guerre de 1914-1918 o\u00f9 elle est occup\u00e9e par l\u2019arm\u00e9e.Apr\u00e8s la guerre, en 1920, le Chanoine HUMBRECHT transforme l\u2019\u00e9cole de gar\u00e7ons en internat de jeunes filles, confi\u00e9 aux religieuses de la Charit\u00e9, s\u00e9cularis\u00e9es.L\u2019\u00e9cole Saint-Joseph r\u00e9unit alors externat paroissial et internat. Elle comprend des classes primaires, un cours compl\u00e9mentaire et une section technique.<\/p>\n\n\n\n<figure class=\"wp-block-image size-full\"><img loading=\"lazy\" decoding=\"async\" width=\"640\" height=\"453\" src=\"https:\/\/ecole.saintjosephbelfort.fr\/wp-content\/uploads\/2023\/03\/bv000007.jpg\" alt=\"\" class=\"wp-image-1626\" srcset=\"https:\/\/ecole.saintjosephbelfort.fr\/wp-content\/uploads\/2023\/03\/bv000007.jpg 640w, https:\/\/ecole.saintjosephbelfort.fr\/wp-content\/uploads\/2023\/03\/bv000007-300x212.jpg 300w\" sizes=\"auto, (max-width: 640px) 100vw, 640px\" \/><\/figure>\n\n\n\n<h3 class=\"wp-block-heading\">L\u2019\u00e9volution<\/h3>\n\n\n\n<p>Gr\u00e2ce au travail des religieuses, l\u2019\u00e9cole ne cesse de se d\u00e9velopper. Lors de la deuxi\u00e8me guerre Mondiale, deux petites fermetures, d\u2019abord en Juin 1940. L\u00e0, pour d\u00e9courager les allemands d\u2019occuper l\u2019\u00e9cole, tous les rebuts et toutes les salet\u00e9s entrepos\u00e9s dans les greniers sont d\u00e9pos\u00e9s p\u00eale-m\u00eale dans les classes et les allemands repartent, d\u00e9go\u00fbt\u00e9s.<\/p>\n\n\n\n<p>Fermeture de nouveau \u00e0 la lib\u00e9ration, le 21 Novembre 1944, et r\u00e9ouverture en janvier 1945.<\/p>\n\n\n\n<p>Depuis lors, sous l\u2019impulsion des s\u0153urs et gr\u00e2ce \u00e0 la comp\u00e9tence des Comit\u00e9s de Gestion successifs, le d\u00e9veloppement sera ininterrompu jusqu\u2019\u00e0 nos jours.<\/p>\n\n\n\n<h3 class=\"wp-block-heading\">Les b\u00e2timents<\/h3>\n\n\n\n<p><strong>1937<\/strong>&nbsp;Chauffage Central.<br><strong>1953<\/strong>&nbsp;Construction du 1er \u00e9tage de la Sainte Famille.<br><strong>1954<\/strong>&nbsp;Construction de l\u2019ancien pr\u00e9au.<br><strong>1957<\/strong>&nbsp;Pr\u00e9fabriqu\u00e9 \u00ab&nbsp;provisoire&nbsp;\u00bb (toujours en place.)<br><strong>1960<\/strong>&nbsp;Lien entre les deux b\u00e2timents : \u00e9cole de gar\u00e7ons et salle paroissiale.<br><strong>1964<\/strong>&nbsp;Sur\u00e9l\u00e9vation du toit (actuelle biblioth\u00e8que).<br><strong>1968<\/strong>&nbsp;Achat du \u00ab&nbsp;Cercle&nbsp;\u00bb (salle paroissiale).<br><strong>1972<\/strong>&nbsp;Am\u00e9nagement de la cuisine.<br><strong>1978<\/strong>&nbsp;Fin des travaux d\u2019am\u00e9nagement du Cercle. (Classes maternelles \u2013 Salle de sport).<br><strong>1985<\/strong>&nbsp;Nouveau pr\u00e9au.<br><strong>1986<\/strong>&nbsp;R\u00e9fection des fa\u00e7ades.<br><strong>1988<\/strong>&nbsp;Construction du nouveau Lyc\u00e9e Professionnel Saint-Joseph.<br><strong>1989<\/strong>&nbsp;2\u00e8me T. LP<br><strong>1994<\/strong>&nbsp;3\u00e8me T LP<br><strong>1996<\/strong>&nbsp;Cr\u00e9ation self \u2013 R\u00e9novation cuisine<br><strong>2000<\/strong>&nbsp;4\u00e8me T LP<br><strong>2000<\/strong>&nbsp;Mise en conformit\u00e9 escalier et \u00e9lectricit\u00e9<br><strong>2004<\/strong>&nbsp;R\u00e9novation du secr\u00e9tariat \u2013 R\u00e9fection toit maternelle.<\/p>\n\n\n\n<figure class=\"wp-block-image size-full\"><img loading=\"lazy\" decoding=\"async\" width=\"640\" height=\"488\" src=\"https:\/\/ecole.saintjosephbelfort.fr\/wp-content\/uploads\/2023\/03\/bv000021.jpg\" alt=\"\" class=\"wp-image-1631\" srcset=\"https:\/\/ecole.saintjosephbelfort.fr\/wp-content\/uploads\/2023\/03\/bv000021.jpg 640w, https:\/\/ecole.saintjosephbelfort.fr\/wp-content\/uploads\/2023\/03\/bv000021-300x229.jpg 300w\" sizes=\"auto, (max-width: 640px) 100vw, 640px\" \/><\/figure>\n\n\n\n<p><\/p>\n\n\n\n<h3 class=\"wp-block-heading\">Les personnages<\/h3>\n\n\n\n<h4 class=\"wp-block-heading\">Mgr Louis HUMBRECHT<\/h4>\n\n\n\n<p>En 1885, il fonde la paroisse Saint-Joseph, dans ce quartier ouvrier de familles alsaciennes et lorraines.<br>Pour les enfants de ces familles, il demande aux fr\u00e8res des \u00c9coles Chr\u00e9tiennes de venir fonder, \u00ab&nbsp;avant la construction de l\u2019\u00c9glise d\u00e9finitive&nbsp;\u00bb, une \u00ab&nbsp;\u00e9cole chr\u00e9tienne&nbsp;\u00bb.<br>Il deviendra en 1904 vicaire g\u00e9n\u00e9ral de Besan\u00e7on en 1918.<br>A son d\u00e9part, la nouvelle \u00e9glise n\u2019est pas encore termin\u00e9e. Il est remplac\u00e9 par son neveu qui le secondait comme vicaire depuis 1895.<\/p>\n\n\n\n<h4 class=\"wp-block-heading\">Chanoine Henri HUMBRECHT<\/h4>\n\n\n\n<p>N\u00e9 en 1870 \u00e0 GUEBERSCHWIHR (Haut-Rhin). Ordonn\u00e9 pr\u00eatre en 1895 \u00e0 Rome, il rejoint son oncle qui l\u2019accueille comme vicaire. Il le remplace en 1904 comme cur\u00e9 de la Paroisse Saint-Joseph et poursuit son \u0153uvre :<\/p>\n\n\n\n<ul class=\"wp-block-list\">\n<li>Construction de l\u2019\u00c9glise termin\u00e9e vers 1920.<\/li>\n\n\n\n<li>Construction de la Sainte Famille.<\/li>\n\n\n\n<li>Fondation de la cr\u00e8che Saint-Joseph.<\/li>\n<\/ul>\n\n\n\n<p>Il soutient l\u2019\u00e9cole en toutes circonstances et la confie en 1920 aux S\u0153urs de la Charit\u00e9 (voir historique). En 1948, il doit prendre sa retraite. Il vivra jusqu\u2019en 1961 \u00e0 la Sainte Famille. Il est inhum\u00e9 dans la crypte de l\u2019\u00c9glise, sous l\u2019autel du Saint Sacrement, o\u00f9 repose aussi le c\u0153ur de son oncle.<\/p>\n\n\n\n<figure class=\"wp-block-image size-full\"><img loading=\"lazy\" decoding=\"async\" width=\"640\" height=\"428\" src=\"https:\/\/ecole.saintjosephbelfort.fr\/wp-content\/uploads\/2023\/03\/bv000024.jpg\" alt=\"\" class=\"wp-image-1633\" srcset=\"https:\/\/ecole.saintjosephbelfort.fr\/wp-content\/uploads\/2023\/03\/bv000024.jpg 640w, https:\/\/ecole.saintjosephbelfort.fr\/wp-content\/uploads\/2023\/03\/bv000024-300x201.jpg 300w\" sizes=\"auto, (max-width: 640px) 100vw, 640px\" \/><figcaption class=\"wp-element-caption\">&#8230;<\/figcaption><\/figure>\n\n\n\n<h3 class=\"wp-block-heading\">Les pr\u00e9sidents de l\u2019organisme de gestion<\/h3>\n\n\n\n<p>De 1948 \u00e0 nos jours, la direction a pu s\u2019appuyer en toute confiance sur des \u00e9quipes solides de b\u00e9n\u00e9voles, gr\u00e2ce \u00e0 qui les b\u00e2timents anciens ont \u00e9t\u00e9 r\u00e9nov\u00e9s et entretenus, transform\u00e9s, agrandis.<\/p>\n\n\n\n<p><strong>Mr VETTER<\/strong>&nbsp;: 1er pr\u00e9sident, \u00e0 partir de 1948 jusqu\u2019\u00e0 son d\u00e9c\u00e8s en 1965, avec une courte interruption en 1951. C\u2019est gr\u00e2ce \u00e0 lui que l\u2019\u00e9cole a \u00e9t\u00e9 pr\u00eate pour passer les premiers contrats avec l\u2019\u00c9tat.<\/p>\n\n\n\n<p><strong>Mr VINEY<\/strong>&nbsp;: a remplac\u00e9 Mr VETTER en 1951.<\/p>\n\n\n\n<p><strong>Mr LALLEMAND<\/strong>&nbsp;: responsable des travaux depuis 1948, il remplace Mr VETTER en 1965, jusqu\u2019en juin 1966.<\/p>\n\n\n\n<p><strong>Mr Joseph DE VAULX<\/strong>&nbsp;: membre du Comit\u00e9 actuel, a \u00e9t\u00e9 pr\u00e9sident de 1966 \u00e0 1976, \u00e0 l\u2019\u00e9poque de la transformation du \u00ab&nbsp;Cercle&nbsp;\u00bb et de la construction des classes maternelles.<\/p>\n\n\n\n<p><strong>Mr CLEMENT<\/strong>&nbsp;: remplace Mr DE VAULX en 1976. Il termine l\u2019am\u00e9nagement du Cercle.<\/p>\n\n\n\n<p><strong>Mr FIAT<\/strong>&nbsp;: a remplac\u00e9 Mr CLEMENT lors de son d\u00e9part en 1981. Membre du Comit\u00e9 depuis 1970, on doit \u00e0 son travail, en \u00e9troite collaboration avec Melle VOIDEY et la Direction de l\u2019Enseignement Catholique, le nouveau pr\u00e9au, la r\u00e9novation des fa\u00e7ades et surtout la construction du nouveau Lyc\u00e9e Professionnel, rue de Badonvillers. Il \u00e9tait Pr\u00e9sident de 1981 \u00e0 1995.<\/p>\n\n\n\n<p><strong>Mr MAZZUCCHELLI<\/strong>&nbsp;: 1995 \u2013 1996.<\/p>\n\n\n\n<p><strong>Mr EHRARD<\/strong>&nbsp;: 1996 \u2013 2009.<\/p>\n\n\n\n<p><strong>Mr VIELLE-CESSAY<\/strong>&nbsp;: Depuis 2009.<\/p>\n\n\n\n<p><strong>Mr DUCAMP<\/strong> : Depuis 2024<\/p>\n\n\n\n<p><\/p>\n\n\n\n<p>Il est difficile d\u2019imaginer la somme de travail, de r\u00e9unions, de soucis, assum\u00e9e par les pr\u00e9sidents successifs de l\u2019Organisme de Gestion et leurs \u00e9quipes.<br>Nous ne pouvons citer les noms de tous les membres de ce comit\u00e9, ni de toutes les bonnes volont\u00e9s qui ont contribu\u00e9 \u00e0 faire de l\u2019\u00c9cole Saint-Joseph ce qu\u2019elle est aujourd\u2019hui.<br>Nous profitons de l\u2019occasion pour leur dire toute notre reconnaissance pour leur d\u00e9vouement et leurs comp\u00e9tences.<\/p>\n\n\n\n<h3 class=\"wp-block-heading\">Les pr\u00e9sidents de l\u2019association des parents d\u2019\u00e9l\u00e8ves (APEL)<\/h3>\n\n\n\n<p><strong>1951-1954<\/strong>&nbsp;:&nbsp;Mr VINEY Albert<br><strong>1954-1967<\/strong>&nbsp;:&nbsp;Mr DE VAULX Joseph<br><strong>1967-1968<\/strong>&nbsp;: Mr MARTIN<br><strong>1968-1972<\/strong>&nbsp;:&nbsp;Mr THEVENET<br><strong>1972-1974<\/strong>&nbsp;:&nbsp;Mr FIAT Paul<br><strong>1974-1976<\/strong>&nbsp;:&nbsp;Mme DYMALA<br><strong>1976-1983<\/strong>&nbsp;:&nbsp;Mr KARLE<br><strong>1983-1984<\/strong>&nbsp;:&nbsp;Mme CHADES<br><strong>1984-1990<\/strong>&nbsp;:&nbsp;Mr COURBEY Lionel<br><strong>1990-2000<\/strong>&nbsp;:&nbsp;Mme FALLOT<br><strong>2000-2002<\/strong>&nbsp;:&nbsp;Mr MAZZUCHELLI<br><strong>2002-2003<\/strong>&nbsp;:&nbsp;Mr HORLACHER<br><strong>2003-2005<\/strong>&nbsp;:&nbsp;Mme PHELIPOT<br><strong>2005-2006<\/strong>&nbsp;:&nbsp;Mme LOPEZ<br><strong>2006-2007<\/strong>&nbsp;:&nbsp;Mr RAVOT<br><strong>2007-2009<\/strong>&nbsp;:&nbsp;Mr STRICKLER<br><strong>2009-2010<\/strong>&nbsp;:&nbsp;Mme GRATALOUP<br><strong>2010-2011<\/strong>&nbsp;:&nbsp;Mme MOINAULT<br><strong>2012-2015<\/strong>&nbsp;:&nbsp;Mme CHITRY-CLERC<br><strong>2015-2016<\/strong>&nbsp;:&nbsp;Mme PEDUZZI<br><strong>2016 <\/strong>:&nbsp;Mr DUCAMP<br><strong>2018<\/strong> : Mme GALMICHE<\/p>\n\n\n\n<p>2023:Mme MOUGENOT<\/p>\n\n\n\n<p>2024: Mr BOUQUET<\/p>\n\n\n\n<p><\/p>\n\n\n\n<p>Tout comme ses pr\u00e9d\u00e9cesseurs, l\u2019actuelle pr\u00e9sidente met son dynamisme au service de l\u2019\u00e9cole. La nouvelle \u00e9quipe APEL est jeune et enthousiaste. Son travail d\u2019animation et de r\u00e9flexion est indispensable pour donner \u00e0 notre \u00e9cole une ambiance (presque) \u00ab&nbsp;familiale&nbsp;\u00bb.<\/p>\n\n\n\n<h3 class=\"wp-block-heading\">Les enseignants et le personnel<\/h3>\n\n\n\n<p>Nous ne pouvons ici faire une liste, nous risquerions d\u2019en oublier. L\u2019\u00e9cole a toujours b\u00e9n\u00e9fici\u00e9 d\u2019une \u00e9quipe enseignante et d\u2019un personnel de qualit\u00e9 qui ont su donner (certaines pendant plus de 40 ans) le meilleur aux tr\u00e8s nombreux enfants et jeunes qui leur \u00e9taient confi\u00e9s.<\/p>\n\n\n\n<p>Qu\u2019il nous soit permis de faire une exception pour Melle JUDITH (pour tous \u00ab&nbsp;la Judith&nbsp;\u00bb), qui pendant 35 ans, malgr\u00e9 une sant\u00e9 d\u00e9faillante, a assur\u00e9 tous les jours d\u2019humbles travaux au service de l\u2019\u00e9cole. C\u2019est aussi gr\u00e2ce \u00e0 de telles personnes, gr\u00e2ce au personnel dont le travail est quelquefois ingrat, mais toujours indispensable, qu\u2019une \u00e9cole peut assurer sa mission.<\/p>\n\n\n\n<h3 class=\"wp-block-heading\">Les directions<\/h3>\n\n\n\n<h5 class=\"wp-block-heading\">\u00c9cole<\/h5>\n\n\n\n<p><strong>1889<\/strong>&nbsp;:&nbsp;Fr\u00e8re RICARDUS<br><strong>1890<\/strong>&nbsp;:&nbsp;Fr\u00e8re RENON-LOUIS<br><strong>1895<\/strong>&nbsp;:&nbsp;Fr\u00e8re RICARD-ERNEST<br><strong>1904<\/strong>&nbsp;:&nbsp;Mr MAIRE (fr\u00e8re s\u00e9cularis\u00e9)<br><strong>1907<\/strong>&nbsp;:&nbsp;Un retrait\u00e9 de l\u2019Enseignement Officiel<br><strong>1910<\/strong>&nbsp;:&nbsp;Mr NEYROLLES (jusque 1914)<br><strong>1920<\/strong>&nbsp;:&nbsp;Melle JEANTET (s\u0153ur s\u00e9cularis\u00e9e)<br><strong>1926<\/strong>&nbsp;:&nbsp;Melle BERDAT et Melle NALLET<br><strong>1949<\/strong>&nbsp;:&nbsp;S\u0153ur Marie-Th\u00e9r\u00e8se et Melle NALLET<br><strong>1953<\/strong>&nbsp;:&nbsp;S\u0153ur Cl\u00e9ment<br><strong>1965<\/strong>&nbsp;:&nbsp;S\u0153ur Jean-Paulin<br><strong>1971<\/strong>&nbsp;:&nbsp;S\u0153ur Bernard Marie<br><strong>1978<\/strong>&nbsp;:&nbsp;Melle VOIDEY<br><strong>1987<\/strong>&nbsp;:&nbsp;Mr LOCHET<br><strong>1993<\/strong>&nbsp;:&nbsp;Melle MONNIN<br><strong>1995<\/strong>&nbsp;:&nbsp;Mme DELARRAT<br><strong>2008<\/strong>&nbsp;:&nbsp;Mme HEYD<br><strong>2014<\/strong>&nbsp;:&nbsp;Mme BOVIGNY<\/p>\n\n\n\n<h5 class=\"wp-block-heading\">Sainte famille<\/h5>\n\n\n\n<p>Manque d\u2019archives : 2 noms ont \u00e9t\u00e9 retrouv\u00e9s :<br><strong>vers 1915<\/strong>&nbsp;:&nbsp;Melle DEMONTANT<br><strong>sans doute jusqu\u2019\u00e0 la r\u00e9union des \u00e9coles<\/strong>&nbsp;: Melle BRESSON<\/p>\n\n\n\n<h5 class=\"wp-block-heading\">Lyc\u00e9e professionnel<\/h5>\n\n\n\n<p><strong>Melle ETIEVANT<\/strong>&nbsp;: responsable de la section technique annex\u00e9e au cours&nbsp; compl\u00e9mentaire.<br><strong>1957<\/strong>&nbsp;: Melle HAUGER, 1\u00e8re directrice du technique.<br><strong>1963<\/strong>&nbsp;: Melle GAAG<br><strong>1974<\/strong>&nbsp;: Mme WIRTZ<br><strong>1985<\/strong>&nbsp;: Mme VOINET<br><strong>1986<\/strong>&nbsp;: Mme HUSSON<br><strong>1998<\/strong>&nbsp;: Mr MRAFFKO<br><strong>2011<\/strong>&nbsp;: Mr BOSSARD<\/p>\n","protected":false},"excerpt":{"rendered":"<p>En f\u00e9vrier 1888, Mr l\u2019Abb\u00e9 Louis HUMBRECHT, cur\u00e9 de la paroisse SAINT-JOSEPH, adresse aux fr\u00e8res des \u00c9coles Chr\u00e9tiennes une premi\u00e8re lettre leur demandant de venir fonder une \u00e9cole de gar\u00e7ons.<br \/>\nLe projet est ainsi formul\u00e9, un an plus tard&#8230;<\/p>\n","protected":false},"author":1,"featured_media":1549,"parent":0,"menu_order":0,"comment_status":"closed","ping_status":"closed","template":"template-fullwidth.php","meta":{"footnotes":""},"class_list":["post-17","page","type-page","status-publish","has-post-thumbnail","hentry"],"_links":{"self":[{"href":"https:\/\/ecole.saintjosephbelfort.fr\/index.php\/wp-json\/wp\/v2\/pages\/17","targetHints":{"allow":["GET"]}}],"collection":[{"href":"https:\/\/ecole.saintjosephbelfort.fr\/index.php\/wp-json\/wp\/v2\/pages"}],"about":[{"href":"https:\/\/ecole.saintjosephbelfort.fr\/index.php\/wp-json\/wp\/v2\/types\/page"}],"author":[{"embeddable":true,"href":"https:\/\/ecole.saintjosephbelfort.fr\/index.php\/wp-json\/wp\/v2\/users\/1"}],"replies":[{"embeddable":true,"href":"https:\/\/ecole.saintjosephbelfort.fr\/index.php\/wp-json\/wp\/v2\/comments?post=17"}],"version-history":[{"count":20,"href":"https:\/\/ecole.saintjosephbelfort.fr\/index.php\/wp-json\/wp\/v2\/pages\/17\/revisions"}],"predecessor-version":[{"id":1795,"href":"https:\/\/ecole.saintjosephbelfort.fr\/index.php\/wp-json\/wp\/v2\/pages\/17\/revisions\/1795"}],"wp:featuredmedia":[{"embeddable":true,"href":"https:\/\/ecole.saintjosephbelfort.fr\/index.php\/wp-json\/wp\/v2\/media\/1549"}],"wp:attachment":[{"href":"https:\/\/ecole.saintjosephbelfort.fr\/index.php\/wp-json\/wp\/v2\/media?parent=17"}],"curies":[{"name":"wp","href":"https:\/\/api.w.org\/{rel}","templated":true}]}}