{"id":1585,"date":"2023-03-03T15:00:33","date_gmt":"2023-03-03T14:00:33","guid":{"rendered":"https:\/\/ecole.saintjosephbelfort.fr\/?page_id=1585"},"modified":"2024-10-17T13:39:38","modified_gmt":"2024-10-17T11:39:38","slug":"pre-inscription","status":"publish","type":"page","link":"https:\/\/ecole.saintjosephbelfort.fr\/index.php\/pre-inscription\/","title":{"rendered":"Pr\u00e9-inscription"},"content":{"rendered":"\n<p>L\u2019enseignement catholique n\u2019est pas concern\u00e9 par la carte scolaire.<br>L\u2019inscription au sein de notre \u00e9tablissement est un libre choix des familles.<\/p>\n\n\n\n<h3 class=\"wp-block-heading\">Pour toute demande d\u2019inscription merci d\u2019utiliser notre formulaire d\u2019inscription en ligne en cliquant sur ce lien :<br><a href=\"https:\/\/preinscriptions.ecoledirecte.com\/?RNE=0900261V\" style=\"color:#0080bf;\">formulaire<\/a><\/h3>\n\n\n\n<p>D\u00e8s r\u00e9ception de votre demande, vous serez contact\u00e9 afin de convenir d\u2019un rendez-vous avec Mme BOVIGNY \u2013 Cheffe d\u2019\u00e9tablissement 1er degr\u00e9 (pr\u00e9sence obligatoire de votre(vos) enfant(s).<\/p>\n\n\n\n<p>A l\u2019issue de l\u2019entretien, la direction validera ou non votre demande d\u2019inscription.<\/p>\n\n\n\n<p>R\u00e8glement de 80.00&nbsp;\u20ac d\u2019arrhes&nbsp;(non remboursables sauf cas de force majeure ou non acceptation du dossier par la direction).<\/p>\n\n\n\n<p>Cliquez ici pour lire les <strong>Informations d&rsquo;inscription<\/strong>.<\/p>\n\n\n\n<div data-wp-interactive=\"core\/file\" class=\"wp-block-file\"><object data-wp-bind--hidden=\"!state.hasPdfPreview\" hidden class=\"wp-block-file__embed\" data=\"https:\/\/ecole.saintjosephbelfort.fr\/wp-content\/uploads\/2024\/10\/Annexe-1-INFOS-PRATIQUES-1.pdf\" type=\"application\/pdf\" style=\"width:100%;height:600px\" aria-label=\"Contenu embarqu\u00e9 Annexe 1 INFOS PRATIQUES.\"><\/object><a id=\"wp-block-file--media-c6e88ef9-bbbb-46b2-bf60-bcec4a73216c\" href=\"https:\/\/ecole.saintjosephbelfort.fr\/wp-content\/uploads\/2024\/10\/Annexe-1-INFOS-PRATIQUES-1.pdf\">Annexe 1 INFOS PRATIQUES<\/a><a href=\"https:\/\/ecole.saintjosephbelfort.fr\/wp-content\/uploads\/2024\/10\/Annexe-1-INFOS-PRATIQUES-1.pdf\" class=\"wp-block-file__button wp-element-button\" download aria-describedby=\"wp-block-file--media-c6e88ef9-bbbb-46b2-bf60-bcec4a73216c\">T\u00e9l\u00e9charger<\/a><\/div>\n","protected":false},"excerpt":{"rendered":"<p>L\u2019enseignement catholique n\u2019est pas concern\u00e9 par la carte scolaire.L\u2019inscription au sein de notre \u00e9tablissement est un libre choix des familles. Pour toute demande d\u2019inscription merci d\u2019utiliser notre formulaire d\u2019inscription en &#8230;<\/p>\n","protected":false},"author":1,"featured_media":0,"parent":0,"menu_order":0,"comment_status":"closed","ping_status":"closed","template":"template-fullwidth.php","meta":{"footnotes":""},"class_list":["post-1585","page","type-page","status-publish","hentry"],"_links":{"self":[{"href":"https:\/\/ecole.saintjosephbelfort.fr\/index.php\/wp-json\/wp\/v2\/pages\/1585","targetHints":{"allow":["GET"]}}],"collection":[{"href":"https:\/\/ecole.saintjosephbelfort.fr\/index.php\/wp-json\/wp\/v2\/pages"}],"about":[{"href":"https:\/\/ecole.saintjosephbelfort.fr\/index.php\/wp-json\/wp\/v2\/types\/page"}],"author":[{"embeddable":true,"href":"https:\/\/ecole.saintjosephbelfort.fr\/index.php\/wp-json\/wp\/v2\/users\/1"}],"replies":[{"embeddable":true,"href":"https:\/\/ecole.saintjosephbelfort.fr\/index.php\/wp-json\/wp\/v2\/comments?post=1585"}],"version-history":[{"count":13,"href":"https:\/\/ecole.saintjosephbelfort.fr\/index.php\/wp-json\/wp\/v2\/pages\/1585\/revisions"}],"predecessor-version":[{"id":1790,"href":"https:\/\/ecole.saintjosephbelfort.fr\/index.php\/wp-json\/wp\/v2\/pages\/1585\/revisions\/1790"}],"wp:attachment":[{"href":"https:\/\/ecole.saintjosephbelfort.fr\/index.php\/wp-json\/wp\/v2\/media?parent=1585"}],"curies":[{"name":"wp","href":"https:\/\/api.w.org\/{rel}","templated":true}]}}